{"id":184,"date":"2021-09-07T11:18:22","date_gmt":"2021-09-07T08:18:22","guid":{"rendered":"https:\/\/www.demirdokumbagcilarkombiservisi.com\/demirdokum-servis\/?page_id=184"},"modified":"2021-09-07T11:18:22","modified_gmt":"2021-09-07T08:18:22","slug":"demirdokum-kombi-servis","status":"publish","type":"page","link":"https:\/\/www.demirdokumbagcilarkombiservisi.com\/demirdokum-servis\/demirdokum-kombi-servis","title":{"rendered":"Demird\u00f6k\u00fcm Kombi Servis"},"content":{"rendered":"","protected":false},"excerpt":{"rendered":"","protected":false},"author":1,"featured_media":185,"parent":0,"menu_order":0,"comment_status":"closed","ping_status":"closed","template":"","meta":{"footnotes":""},"class_list":["post-184","page","type-page","status-publish","has-post-thumbnail","hentry"],"yoast_head":"<!-- This site is optimized with the Yoast SEO plugin v26.1.1 - https:\/\/yoast.com\/wordpress\/plugins\/seo\/ -->\n<title>Demird\u00f6k\u00fcm Kombi Servis - DEM\u0130RD\u00d6K\u00dcM BA\u011eCILAR KOMB\u0130 SERV\u0130S\u0130<\/title>\n<meta name=\"robots\" content=\"index, follow, max-snippet:-1, max-image-preview:large, max-video-preview:-1\" \/>\n<link rel=\"canonical\" href=\"https:\/\/www.demirdokumbagcilarkombiservisi.com\/demirdokum-servis\/demirdokum-kombi-servis\" \/>\n<meta property=\"og:locale\" content=\"tr_TR\" \/>\n<meta property=\"og:type\" content=\"article\" \/>\n<meta property=\"og:title\" content=\"Demird\u00f6k\u00fcm Kombi Servis - DEM\u0130RD\u00d6K\u00dcM BA\u011eCILAR KOMB\u0130 SERV\u0130S\u0130\" \/>\n<meta property=\"og:url\" content=\"https:\/\/www.demirdokumbagcilarkombiservisi.com\/demirdokum-servis\/demirdokum-kombi-servis\" \/>\n<meta property=\"og:site_name\" content=\"DEM\u0130RD\u00d6K\u00dcM BA\u011eCILAR KOMB\u0130 SERV\u0130S\u0130\" \/>\n<meta property=\"og:image\" content=\"https:\/\/www.demirdokumbagcilarkombiservisi.com\/demirdokum-servis\/wp-content\/uploads\/2021\/09\/demirdokum-kombi-servis.jpg\" \/>\n\t<meta property=\"og:image:width\" content=\"1200\" \/>\n\t<meta property=\"og:image:height\" content=\"600\" \/>\n\t<meta property=\"og:image:type\" content=\"image\/jpeg\" \/>\n<meta name=\"twitter:card\" content=\"summary_large_image\" \/>\n<script type=\"application\/ld+json\" class=\"yoast-schema-graph\">{\"@context\":\"https:\/\/schema.org\",\"@graph\":[{\"@type\":\"WebPage\",\"@id\":\"https:\/\/www.demirdokumbagcilarkombiservisi.com\/demirdokum-servis\/demirdokum-kombi-servis\",\"url\":\"https:\/\/www.demirdokumbagcilarkombiservisi.com\/demirdokum-servis\/demirdokum-kombi-servis\",\"name\":\"Demird\u00f6k\u00fcm Kombi Servis - DEM\u0130RD\u00d6K\u00dcM BA\u011eCILAR KOMB\u0130 SERV\u0130S\u0130\",\"isPartOf\":{\"@id\":\"https:\/\/www.demirdokumbagcilarkombiservisi.com\/demirdokum-servis\/#website\"},\"primaryImageOfPage\":{\"@id\":\"https:\/\/www.demirdokumbagcilarkombiservisi.com\/demirdokum-servis\/demirdokum-kombi-servis#primaryimage\"},\"image\":{\"@id\":\"https:\/\/www.demirdokumbagcilarkombiservisi.com\/demirdokum-servis\/demirdokum-kombi-servis#primaryimage\"},\"thumbnailUrl\":\"https:\/\/www.demirdokumbagcilarkombiservisi.com\/demirdokum-servis\/wp-content\/uploads\/2021\/09\/demirdokum-kombi-servis.jpg\",\"datePublished\":\"2021-09-07T08:18:22+00:00\",\"breadcrumb\":{\"@id\":\"https:\/\/www.demirdokumbagcilarkombiservisi.com\/demirdokum-servis\/demirdokum-kombi-servis#breadcrumb\"},\"inLanguage\":\"tr\",\"potentialAction\":[{\"@type\":\"ReadAction\",\"target\":[\"https:\/\/www.demirdokumbagcilarkombiservisi.com\/demirdokum-servis\/demirdokum-kombi-servis\"]}]},{\"@type\":\"ImageObject\",\"inLanguage\":\"tr\",\"@id\":\"https:\/\/www.demirdokumbagcilarkombiservisi.com\/demirdokum-servis\/demirdokum-kombi-servis#primaryimage\",\"url\":\"https:\/\/www.demirdokumbagcilarkombiservisi.com\/demirdokum-servis\/wp-content\/uploads\/2021\/09\/demirdokum-kombi-servis.jpg\",\"contentUrl\":\"https:\/\/www.demirdokumbagcilarkombiservisi.com\/demirdokum-servis\/wp-content\/uploads\/2021\/09\/demirdokum-kombi-servis.jpg\",\"width\":1200,\"height\":600},{\"@type\":\"BreadcrumbList\",\"@id\":\"https:\/\/www.demirdokumbagcilarkombiservisi.com\/demirdokum-servis\/demirdokum-kombi-servis#breadcrumb\",\"itemListElement\":[{\"@type\":\"ListItem\",\"position\":1,\"name\":\"Anasayfa\",\"item\":\"https:\/\/www.demirdokumbagcilarkombiservisi.com\/demirdokum-servis\/\"},{\"@type\":\"ListItem\",\"position\":2,\"name\":\"Demird\u00f6k\u00fcm Kombi Servis\"}]},{\"@type\":\"WebSite\",\"@id\":\"https:\/\/www.demirdokumbagcilarkombiservisi.com\/demirdokum-servis\/#website\",\"url\":\"https:\/\/www.demirdokumbagcilarkombiservisi.com\/demirdokum-servis\/\",\"name\":\"DEM\u0130RD\u00d6K\u00dcM BA\u011eCILAR KOMB\u0130 SERV\u0130S\u0130\",\"description\":\"demirdokumbagcilarkombiservisi.com\/demirdokum-servis\",\"publisher\":{\"@id\":\"https:\/\/www.demirdokumbagcilarkombiservisi.com\/demirdokum-servis\/#organization\"},\"potentialAction\":[{\"@type\":\"SearchAction\",\"target\":{\"@type\":\"EntryPoint\",\"urlTemplate\":\"https:\/\/www.demirdokumbagcilarkombiservisi.com\/demirdokum-servis\/?s={search_term_string}\"},\"query-input\":{\"@type\":\"PropertyValueSpecification\",\"valueRequired\":true,\"valueName\":\"search_term_string\"}}],\"inLanguage\":\"tr\"},{\"@type\":\"Organization\",\"@id\":\"https:\/\/www.demirdokumbagcilarkombiservisi.com\/demirdokum-servis\/#organization\",\"name\":\"DEM\u0130RD\u00d6K\u00dcM BA\u011eCILAR KOMB\u0130 SERV\u0130S\u0130\",\"url\":\"https:\/\/www.demirdokumbagcilarkombiservisi.com\/demirdokum-servis\/\",\"logo\":{\"@type\":\"ImageObject\",\"inLanguage\":\"tr\",\"@id\":\"https:\/\/www.demirdokumbagcilarkombiservisi.com\/demirdokum-servis\/#\/schema\/logo\/image\/\",\"url\":\"https:\/\/www.demirdokumbagcilarkombiservisi.com\/demirdokum-servis\/wp-content\/uploads\/2021\/09\/logo-alani.png\",\"contentUrl\":\"https:\/\/www.demirdokumbagcilarkombiservisi.com\/demirdokum-servis\/wp-content\/uploads\/2021\/09\/logo-alani.png\",\"width\":250,\"height\":50,\"caption\":\"DEM\u0130RD\u00d6K\u00dcM BA\u011eCILAR KOMB\u0130 SERV\u0130S\u0130\"},\"image\":{\"@id\":\"https:\/\/www.demirdokumbagcilarkombiservisi.com\/demirdokum-servis\/#\/schema\/logo\/image\/\"}}]}<\/script>\n<!-- \/ Yoast SEO plugin. -->","yoast_head_json":{"title":"Demird\u00f6k\u00fcm Kombi Servis - DEM\u0130RD\u00d6K\u00dcM BA\u011eCILAR KOMB\u0130 SERV\u0130S\u0130","robots":{"index":"index","follow":"follow","max-snippet":"max-snippet:-1","max-image-preview":"max-image-preview:large","max-video-preview":"max-video-preview:-1"},"canonical":"https:\/\/www.demirdokumbagcilarkombiservisi.com\/demirdokum-servis\/demirdokum-kombi-servis","og_locale":"tr_TR","og_type":"article","og_title":"Demird\u00f6k\u00fcm Kombi Servis - DEM\u0130RD\u00d6K\u00dcM BA\u011eCILAR KOMB\u0130 SERV\u0130S\u0130","og_url":"https:\/\/www.demirdokumbagcilarkombiservisi.com\/demirdokum-servis\/demirdokum-kombi-servis","og_site_name":"DEM\u0130RD\u00d6K\u00dcM BA\u011eCILAR KOMB\u0130 SERV\u0130S\u0130","og_image":[{"width":1200,"height":600,"url":"https:\/\/www.demirdokumbagcilarkombiservisi.com\/demirdokum-servis\/wp-content\/uploads\/2021\/09\/demirdokum-kombi-servis.jpg","type":"image\/jpeg"}],"twitter_card":"summary_large_image","schema":{"@context":"https:\/\/schema.org","@graph":[{"@type":"WebPage","@id":"https:\/\/www.demirdokumbagcilarkombiservisi.com\/demirdokum-servis\/demirdokum-kombi-servis","url":"https:\/\/www.demirdokumbagcilarkombiservisi.com\/demirdokum-servis\/demirdokum-kombi-servis","name":"Demird\u00f6k\u00fcm Kombi Servis - DEM\u0130RD\u00d6K\u00dcM BA\u011eCILAR KOMB\u0130 SERV\u0130S\u0130","isPartOf":{"@id":"https:\/\/www.demirdokumbagcilarkombiservisi.com\/demirdokum-servis\/#website"},"primaryImageOfPage":{"@id":"https:\/\/www.demirdokumbagcilarkombiservisi.com\/demirdokum-servis\/demirdokum-kombi-servis#primaryimage"},"image":{"@id":"https:\/\/www.demirdokumbagcilarkombiservisi.com\/demirdokum-servis\/demirdokum-kombi-servis#primaryimage"},"thumbnailUrl":"https:\/\/www.demirdokumbagcilarkombiservisi.com\/demirdokum-servis\/wp-content\/uploads\/2021\/09\/demirdokum-kombi-servis.jpg","datePublished":"2021-09-07T08:18:22+00:00","breadcrumb":{"@id":"https:\/\/www.demirdokumbagcilarkombiservisi.com\/demirdokum-servis\/demirdokum-kombi-servis#breadcrumb"},"inLanguage":"tr","potentialAction":[{"@type":"ReadAction","target":["https:\/\/www.demirdokumbagcilarkombiservisi.com\/demirdokum-servis\/demirdokum-kombi-servis"]}]},{"@type":"ImageObject","inLanguage":"tr","@id":"https:\/\/www.demirdokumbagcilarkombiservisi.com\/demirdokum-servis\/demirdokum-kombi-servis#primaryimage","url":"https:\/\/www.demirdokumbagcilarkombiservisi.com\/demirdokum-servis\/wp-content\/uploads\/2021\/09\/demirdokum-kombi-servis.jpg","contentUrl":"https:\/\/www.demirdokumbagcilarkombiservisi.com\/demirdokum-servis\/wp-content\/uploads\/2021\/09\/demirdokum-kombi-servis.jpg","width":1200,"height":600},{"@type":"BreadcrumbList","@id":"https:\/\/www.demirdokumbagcilarkombiservisi.com\/demirdokum-servis\/demirdokum-kombi-servis#breadcrumb","itemListElement":[{"@type":"ListItem","position":1,"name":"Anasayfa","item":"https:\/\/www.demirdokumbagcilarkombiservisi.com\/demirdokum-servis\/"},{"@type":"ListItem","position":2,"name":"Demird\u00f6k\u00fcm Kombi Servis"}]},{"@type":"WebSite","@id":"https:\/\/www.demirdokumbagcilarkombiservisi.com\/demirdokum-servis\/#website","url":"https:\/\/www.demirdokumbagcilarkombiservisi.com\/demirdokum-servis\/","name":"DEM\u0130RD\u00d6K\u00dcM BA\u011eCILAR KOMB\u0130 SERV\u0130S\u0130","description":"demirdokumbagcilarkombiservisi.com\/demirdokum-servis","publisher":{"@id":"https:\/\/www.demirdokumbagcilarkombiservisi.com\/demirdokum-servis\/#organization"},"potentialAction":[{"@type":"SearchAction","target":{"@type":"EntryPoint","urlTemplate":"https:\/\/www.demirdokumbagcilarkombiservisi.com\/demirdokum-servis\/?s={search_term_string}"},"query-input":{"@type":"PropertyValueSpecification","valueRequired":true,"valueName":"search_term_string"}}],"inLanguage":"tr"},{"@type":"Organization","@id":"https:\/\/www.demirdokumbagcilarkombiservisi.com\/demirdokum-servis\/#organization","name":"DEM\u0130RD\u00d6K\u00dcM BA\u011eCILAR KOMB\u0130 SERV\u0130S\u0130","url":"https:\/\/www.demirdokumbagcilarkombiservisi.com\/demirdokum-servis\/","logo":{"@type":"ImageObject","inLanguage":"tr","@id":"https:\/\/www.demirdokumbagcilarkombiservisi.com\/demirdokum-servis\/#\/schema\/logo\/image\/","url":"https:\/\/www.demirdokumbagcilarkombiservisi.com\/demirdokum-servis\/wp-content\/uploads\/2021\/09\/logo-alani.png","contentUrl":"https:\/\/www.demirdokumbagcilarkombiservisi.com\/demirdokum-servis\/wp-content\/uploads\/2021\/09\/logo-alani.png","width":250,"height":50,"caption":"DEM\u0130RD\u00d6K\u00dcM BA\u011eCILAR KOMB\u0130 SERV\u0130S\u0130"},"image":{"@id":"https:\/\/www.demirdokumbagcilarkombiservisi.com\/demirdokum-servis\/#\/schema\/logo\/image\/"}}]}},"_links":{"self":[{"href":"https:\/\/www.demirdokumbagcilarkombiservisi.com\/demirdokum-servis\/wp-json\/wp\/v2\/pages\/184","targetHints":{"allow":["GET"]}}],"collection":[{"href":"https:\/\/www.demirdokumbagcilarkombiservisi.com\/demirdokum-servis\/wp-json\/wp\/v2\/pages"}],"about":[{"href":"https:\/\/www.demirdokumbagcilarkombiservisi.com\/demirdokum-servis\/wp-json\/wp\/v2\/types\/page"}],"author":[{"embeddable":true,"href":"https:\/\/www.demirdokumbagcilarkombiservisi.com\/demirdokum-servis\/wp-json\/wp\/v2\/users\/1"}],"replies":[{"embeddable":true,"href":"https:\/\/www.demirdokumbagcilarkombiservisi.com\/demirdokum-servis\/wp-json\/wp\/v2\/comments?post=184"}],"version-history":[{"count":1,"href":"https:\/\/www.demirdokumbagcilarkombiservisi.com\/demirdokum-servis\/wp-json\/wp\/v2\/pages\/184\/revisions"}],"predecessor-version":[{"id":186,"href":"https:\/\/www.demirdokumbagcilarkombiservisi.com\/demirdokum-servis\/wp-json\/wp\/v2\/pages\/184\/revisions\/186"}],"wp:featuredmedia":[{"embeddable":true,"href":"https:\/\/www.demirdokumbagcilarkombiservisi.com\/demirdokum-servis\/wp-json\/wp\/v2\/media\/185"}],"wp:attachment":[{"href":"https:\/\/www.demirdokumbagcilarkombiservisi.com\/demirdokum-servis\/wp-json\/wp\/v2\/media?parent=184"}],"curies":[{"name":"wp","href":"https:\/\/api.w.org\/{rel}","templated":true}]}}