{"id":119,"date":"2018-08-24T06:59:53","date_gmt":"2018-08-24T03:59:53","guid":{"rendered":"http:\/\/demo.acmethemes.com\/travel-way\/?page_id=7"},"modified":"2021-09-03T01:22:27","modified_gmt":"2021-09-02T22:22:27","slug":"anasayfa","status":"publish","type":"page","link":"https:\/\/www.demirdokumbagcilarkombiservisi.com\/demirdokum-servis\/","title":{"rendered":"Anasayfa"},"content":{"rendered":"","protected":false},"excerpt":{"rendered":"","protected":false},"author":1,"featured_media":0,"parent":0,"menu_order":0,"comment_status":"closed","ping_status":"closed","template":"","meta":{"footnotes":""},"class_list":["post-119","page","type-page","status-publish","hentry"],"yoast_head":"<!-- This site is optimized with the Yoast SEO plugin v26.1.1 - https:\/\/yoast.com\/wordpress\/plugins\/seo\/ -->\n<title>Anasayfa - DEM\u0130RD\u00d6K\u00dcM BA\u011eCILAR KOMB\u0130 SERV\u0130S\u0130<\/title>\n<meta name=\"robots\" content=\"index, follow, max-snippet:-1, max-image-preview:large, max-video-preview:-1\" \/>\n<link rel=\"canonical\" href=\"https:\/\/www.demirdokumbagcilarkombiservisi.com\/demirdokum-servis\/\" \/>\n<meta property=\"og:locale\" content=\"tr_TR\" \/>\n<meta property=\"og:type\" content=\"article\" \/>\n<meta property=\"og:title\" content=\"Anasayfa - DEM\u0130RD\u00d6K\u00dcM BA\u011eCILAR KOMB\u0130 SERV\u0130S\u0130\" \/>\n<meta property=\"og:url\" content=\"https:\/\/www.demirdokumbagcilarkombiservisi.com\/demirdokum-servis\/\" \/>\n<meta property=\"og:site_name\" content=\"DEM\u0130RD\u00d6K\u00dcM BA\u011eCILAR KOMB\u0130 SERV\u0130S\u0130\" \/>\n<meta property=\"article:modified_time\" content=\"2021-09-02T22:22:27+00:00\" \/>\n<meta name=\"twitter:card\" content=\"summary_large_image\" \/>\n<script type=\"application\/ld+json\" class=\"yoast-schema-graph\">{\"@context\":\"https:\/\/schema.org\",\"@graph\":[{\"@type\":\"WebPage\",\"@id\":\"https:\/\/www.demirdokumbagcilarkombiservisi.com\/demirdokum-servis\/\",\"url\":\"https:\/\/www.demirdokumbagcilarkombiservisi.com\/demirdokum-servis\/\",\"name\":\"Anasayfa - DEM\u0130RD\u00d6K\u00dcM BA\u011eCILAR KOMB\u0130 SERV\u0130S\u0130\",\"isPartOf\":{\"@id\":\"https:\/\/www.demirdokumbagcilarkombiservisi.com\/demirdokum-servis\/#website\"},\"datePublished\":\"2018-08-24T03:59:53+00:00\",\"dateModified\":\"2021-09-02T22:22:27+00:00\",\"breadcrumb\":{\"@id\":\"https:\/\/www.demirdokumbagcilarkombiservisi.com\/demirdokum-servis\/#breadcrumb\"},\"inLanguage\":\"tr\",\"potentialAction\":[{\"@type\":\"ReadAction\",\"target\":[\"https:\/\/www.demirdokumbagcilarkombiservisi.com\/demirdokum-servis\/\"]}]},{\"@type\":\"BreadcrumbList\",\"@id\":\"https:\/\/www.demirdokumbagcilarkombiservisi.com\/demirdokum-servis\/#breadcrumb\",\"itemListElement\":[{\"@type\":\"ListItem\",\"position\":1,\"name\":\"Anasayfa\",\"item\":\"https:\/\/www.demirdokumbagcilarkombiservisi.com\/demirdokum-servis\/\"},{\"@type\":\"ListItem\",\"position\":2,\"name\":\"Anasayfa\"}]},{\"@type\":\"WebSite\",\"@id\":\"https:\/\/www.demirdokumbagcilarkombiservisi.com\/demirdokum-servis\/#website\",\"url\":\"https:\/\/www.demirdokumbagcilarkombiservisi.com\/demirdokum-servis\/\",\"name\":\"DEM\u0130RD\u00d6K\u00dcM BA\u011eCILAR KOMB\u0130 SERV\u0130S\u0130\",\"description\":\"demirdokumbagcilarkombiservisi.com\/demirdokum-servis\",\"publisher\":{\"@id\":\"https:\/\/www.demirdokumbagcilarkombiservisi.com\/demirdokum-servis\/#organization\"},\"potentialAction\":[{\"@type\":\"SearchAction\",\"target\":{\"@type\":\"EntryPoint\",\"urlTemplate\":\"https:\/\/www.demirdokumbagcilarkombiservisi.com\/demirdokum-servis\/?s={search_term_string}\"},\"query-input\":{\"@type\":\"PropertyValueSpecification\",\"valueRequired\":true,\"valueName\":\"search_term_string\"}}],\"inLanguage\":\"tr\"},{\"@type\":\"Organization\",\"@id\":\"https:\/\/www.demirdokumbagcilarkombiservisi.com\/demirdokum-servis\/#organization\",\"name\":\"DEM\u0130RD\u00d6K\u00dcM BA\u011eCILAR KOMB\u0130 SERV\u0130S\u0130\",\"url\":\"https:\/\/www.demirdokumbagcilarkombiservisi.com\/demirdokum-servis\/\",\"logo\":{\"@type\":\"ImageObject\",\"inLanguage\":\"tr\",\"@id\":\"https:\/\/www.demirdokumbagcilarkombiservisi.com\/demirdokum-servis\/#\/schema\/logo\/image\/\",\"url\":\"https:\/\/www.demirdokumbagcilarkombiservisi.com\/demirdokum-servis\/wp-content\/uploads\/2021\/09\/logo-alani.png\",\"contentUrl\":\"https:\/\/www.demirdokumbagcilarkombiservisi.com\/demirdokum-servis\/wp-content\/uploads\/2021\/09\/logo-alani.png\",\"width\":250,\"height\":50,\"caption\":\"DEM\u0130RD\u00d6K\u00dcM BA\u011eCILAR KOMB\u0130 SERV\u0130S\u0130\"},\"image\":{\"@id\":\"https:\/\/www.demirdokumbagcilarkombiservisi.com\/demirdokum-servis\/#\/schema\/logo\/image\/\"}}]}<\/script>\n<!-- \/ Yoast SEO plugin. -->","yoast_head_json":{"title":"Anasayfa - DEM\u0130RD\u00d6K\u00dcM BA\u011eCILAR KOMB\u0130 SERV\u0130S\u0130","robots":{"index":"index","follow":"follow","max-snippet":"max-snippet:-1","max-image-preview":"max-image-preview:large","max-video-preview":"max-video-preview:-1"},"canonical":"https:\/\/www.demirdokumbagcilarkombiservisi.com\/demirdokum-servis\/","og_locale":"tr_TR","og_type":"article","og_title":"Anasayfa - DEM\u0130RD\u00d6K\u00dcM BA\u011eCILAR KOMB\u0130 SERV\u0130S\u0130","og_url":"https:\/\/www.demirdokumbagcilarkombiservisi.com\/demirdokum-servis\/","og_site_name":"DEM\u0130RD\u00d6K\u00dcM BA\u011eCILAR KOMB\u0130 SERV\u0130S\u0130","article_modified_time":"2021-09-02T22:22:27+00:00","twitter_card":"summary_large_image","schema":{"@context":"https:\/\/schema.org","@graph":[{"@type":"WebPage","@id":"https:\/\/www.demirdokumbagcilarkombiservisi.com\/demirdokum-servis\/","url":"https:\/\/www.demirdokumbagcilarkombiservisi.com\/demirdokum-servis\/","name":"Anasayfa - DEM\u0130RD\u00d6K\u00dcM BA\u011eCILAR KOMB\u0130 SERV\u0130S\u0130","isPartOf":{"@id":"https:\/\/www.demirdokumbagcilarkombiservisi.com\/demirdokum-servis\/#website"},"datePublished":"2018-08-24T03:59:53+00:00","dateModified":"2021-09-02T22:22:27+00:00","breadcrumb":{"@id":"https:\/\/www.demirdokumbagcilarkombiservisi.com\/demirdokum-servis\/#breadcrumb"},"inLanguage":"tr","potentialAction":[{"@type":"ReadAction","target":["https:\/\/www.demirdokumbagcilarkombiservisi.com\/demirdokum-servis\/"]}]},{"@type":"BreadcrumbList","@id":"https:\/\/www.demirdokumbagcilarkombiservisi.com\/demirdokum-servis\/#breadcrumb","itemListElement":[{"@type":"ListItem","position":1,"name":"Anasayfa","item":"https:\/\/www.demirdokumbagcilarkombiservisi.com\/demirdokum-servis\/"},{"@type":"ListItem","position":2,"name":"Anasayfa"}]},{"@type":"WebSite","@id":"https:\/\/www.demirdokumbagcilarkombiservisi.com\/demirdokum-servis\/#website","url":"https:\/\/www.demirdokumbagcilarkombiservisi.com\/demirdokum-servis\/","name":"DEM\u0130RD\u00d6K\u00dcM BA\u011eCILAR KOMB\u0130 SERV\u0130S\u0130","description":"demirdokumbagcilarkombiservisi.com\/demirdokum-servis","publisher":{"@id":"https:\/\/www.demirdokumbagcilarkombiservisi.com\/demirdokum-servis\/#organization"},"potentialAction":[{"@type":"SearchAction","target":{"@type":"EntryPoint","urlTemplate":"https:\/\/www.demirdokumbagcilarkombiservisi.com\/demirdokum-servis\/?s={search_term_string}"},"query-input":{"@type":"PropertyValueSpecification","valueRequired":true,"valueName":"search_term_string"}}],"inLanguage":"tr"},{"@type":"Organization","@id":"https:\/\/www.demirdokumbagcilarkombiservisi.com\/demirdokum-servis\/#organization","name":"DEM\u0130RD\u00d6K\u00dcM BA\u011eCILAR KOMB\u0130 SERV\u0130S\u0130","url":"https:\/\/www.demirdokumbagcilarkombiservisi.com\/demirdokum-servis\/","logo":{"@type":"ImageObject","inLanguage":"tr","@id":"https:\/\/www.demirdokumbagcilarkombiservisi.com\/demirdokum-servis\/#\/schema\/logo\/image\/","url":"https:\/\/www.demirdokumbagcilarkombiservisi.com\/demirdokum-servis\/wp-content\/uploads\/2021\/09\/logo-alani.png","contentUrl":"https:\/\/www.demirdokumbagcilarkombiservisi.com\/demirdokum-servis\/wp-content\/uploads\/2021\/09\/logo-alani.png","width":250,"height":50,"caption":"DEM\u0130RD\u00d6K\u00dcM BA\u011eCILAR KOMB\u0130 SERV\u0130S\u0130"},"image":{"@id":"https:\/\/www.demirdokumbagcilarkombiservisi.com\/demirdokum-servis\/#\/schema\/logo\/image\/"}}]}},"_links":{"self":[{"href":"https:\/\/www.demirdokumbagcilarkombiservisi.com\/demirdokum-servis\/wp-json\/wp\/v2\/pages\/119","targetHints":{"allow":["GET"]}}],"collection":[{"href":"https:\/\/www.demirdokumbagcilarkombiservisi.com\/demirdokum-servis\/wp-json\/wp\/v2\/pages"}],"about":[{"href":"https:\/\/www.demirdokumbagcilarkombiservisi.com\/demirdokum-servis\/wp-json\/wp\/v2\/types\/page"}],"author":[{"embeddable":true,"href":"https:\/\/www.demirdokumbagcilarkombiservisi.com\/demirdokum-servis\/wp-json\/wp\/v2\/users\/1"}],"replies":[{"embeddable":true,"href":"https:\/\/www.demirdokumbagcilarkombiservisi.com\/demirdokum-servis\/wp-json\/wp\/v2\/comments?post=119"}],"version-history":[{"count":2,"href":"https:\/\/www.demirdokumbagcilarkombiservisi.com\/demirdokum-servis\/wp-json\/wp\/v2\/pages\/119\/revisions"}],"predecessor-version":[{"id":156,"href":"https:\/\/www.demirdokumbagcilarkombiservisi.com\/demirdokum-servis\/wp-json\/wp\/v2\/pages\/119\/revisions\/156"}],"wp:attachment":[{"href":"https:\/\/www.demirdokumbagcilarkombiservisi.com\/demirdokum-servis\/wp-json\/wp\/v2\/media?parent=119"}],"curies":[{"name":"wp","href":"https:\/\/api.w.org\/{rel}","templated":true}]}}